{"id":3032,"date":"2021-02-11T14:25:19","date_gmt":"2021-02-11T13:25:19","guid":{"rendered":"https:\/\/brandsonretail.com\/?page_id=3032"},"modified":"2025-06-17T00:00:32","modified_gmt":"2025-06-16T22:00:32","slug":"onretail-growth-visibility-for-brands-retailers-salons-in-the-dach-region","status":"publish","type":"page","link":"https:\/\/brandsonretail.com\/en\/","title":{"rendered":"Home"},"content":{"rendered":"<p>[et_pb_section fb_built=&#8221;1&#8243; module_class=&#8221;startseite-video&#8221; _builder_version=&#8221;4.25.2&#8243; background_video_mp4=&#8221;https:\/\/brandsonretail.com\/wp-content\/uploads\/2025\/02\/CONNECTING-BRANDS-1.mp4&#8243; background_video_webm=&#8221;https:\/\/brandsonretail.com\/wp-content\/uploads\/2024\/01\/Update_exportVideo2024-01-09-171858.mp4&#8243; background_video_width=&#8221;1200px&#8221; custom_css_main_element=&#8221; width: 99vw;|| height: 100vh;&#8221; global_colors_info=&#8221;{}&#8221;][et_pb_row module_class=&#8221; et_pb_row_fullwidth&#8221; _builder_version=&#8221;4.16&#8243; width=&#8221;89%&#8221; width_tablet=&#8221;80%&#8221; width_phone=&#8221;&#8221; width_last_edited=&#8221;on|desktop&#8221; max_width=&#8221;89%&#8221; max_width_tablet=&#8221;80%&#8221; max_width_phone=&#8221;&#8221; max_width_last_edited=&#8221;on|desktop&#8221; make_fullwidth=&#8221;on&#8221; global_colors_info=&#8221;{}&#8221;][et_pb_column type=&#8221;4_4&#8243; _builder_version=&#8221;4.16&#8243; custom_padding=&#8221;|||&#8221; global_colors_info=&#8221;{}&#8221; custom_padding__hover=&#8221;|||&#8221;][et_pb_text admin_label=&#8221;Text&#8221; module_class=&#8221;video-heading&#8221; _builder_version=&#8221;4.25.2&#8243; custom_padding=&#8221;||0px|||&#8221; global_colors_info=&#8221;{}&#8221;]<\/p>\n<p><a href=\"https:\/\/brandsonretail.com\/\">arkeu-KANOR<img decoding=\"async\" src=\"\/wp-content\/uploads\/2018\/02\/BrandsOnRetail-weiss.svg\" width=\"200px\" height=\"200px\" \/><\/a><\/p>\n<h4>ONRetail<\/p>\n<\/h4>\n<p><span class=\"VIiyi\" lang=\"en\"><span class=\"JLqJ4b ChMk0b\" data-language-for-alternatives=\"en\" data-language-to-translate-into=\"de\" data-phrase-index=\"4\" data-number-of-phrases=\"5\">supports sustainable brands and retailers in the fashion, beauty &amp; heatlth sectors in successfully positioning themselves in the DACH region. Focus: visibility in retail, omnichannel strategies and future- oriented market collaborations.<\/span><\/span><\/p>\n<p>[\/et_pb_text][\/et_pb_column][\/et_pb_row][\/et_pb_section][et_pb_section fb_built=&#8221;1&#8243; _builder_version=&#8221;4.16&#8243; global_colors_info=&#8221;{}&#8221;][et_pb_row _builder_version=&#8221;4.16&#8243; background_size=&#8221;initial&#8221; background_position=&#8221;top_left&#8221; background_repeat=&#8221;repeat&#8221; global_colors_info=&#8221;{}&#8221;][et_pb_column type=&#8221;4_4&#8243; _builder_version=&#8221;4.16&#8243; custom_padding=&#8221;|||&#8221; global_colors_info=&#8221;{}&#8221; custom_padding__hover=&#8221;|||&#8221;][et_pb_text module_class=&#8221;animated&#8221; _builder_version=&#8221;4.25.2&#8243; global_colors_info=&#8221;{}&#8221;]<\/p>\n<div class=\"animated-text\">Solutions for brands &amp; retailers in fashion, beauty &amp;\u00a0 lifestyle<\/div>\n<h1>Strategies for Visibility &amp; Growth &#8211; Local &amp;<br \/>Digital. Your partner for market entry, retail<br \/>collaboration &amp; omnichannel positioning.<\/h1>\n<p>[\/et_pb_text][\/et_pb_column][\/et_pb_row][et_pb_row column_structure=&#8221;1_3,1_3,1_3&#8243; _builder_version=&#8221;4.16&#8243; background_size=&#8221;initial&#8221; background_position=&#8221;top_left&#8221; background_repeat=&#8221;repeat&#8221; global_colors_info=&#8221;{}&#8221;][et_pb_column type=&#8221;1_3&#8243; _builder_version=&#8221;4.16&#8243; custom_padding=&#8221;|||&#8221; global_colors_info=&#8221;{}&#8221; custom_padding__hover=&#8221;|||&#8221;][et_pb_image src=&#8221;https:\/\/brandsonretail.com\/wp-content\/uploads\/2025\/02\/Bild_Cosmetics_akt.jpg&#8221; align_tablet=&#8221;center&#8221; align_phone=&#8221;&#8221; align_last_edited=&#8221;on|desktop&#8221; module_class=&#8221;bild-caption&#8221; _builder_version=&#8221;4.25.2&#8243; global_colors_info=&#8221;{}&#8221;][\/et_pb_image][et_pb_text module_class=&#8221;image-title&#8221; _builder_version=&#8221;4.25.2&#8243; link_option_url=&#8221;\/ueber-onretail&#8221; hover_enabled=&#8221;0&#8243; global_colors_info=&#8221;{}&#8221; sticky_enabled=&#8221;0&#8243;]<\/p>\n<p><a href=\"\/en\/about-onretail\">ABOUT US<\/a><\/p>\n<p>[\/et_pb_text][\/et_pb_column][et_pb_column type=&#8221;1_3&#8243; _builder_version=&#8221;4.16&#8243; custom_padding=&#8221;|||&#8221; global_colors_info=&#8221;{}&#8221; custom_padding__hover=&#8221;|||&#8221;][et_pb_image src=&#8221;https:\/\/brandsonretail.com\/wp-content\/uploads\/2025\/02\/Bild_Fashion_akt.jpg&#8221; align_tablet=&#8221;center&#8221; align_phone=&#8221;&#8221; align_last_edited=&#8221;on|desktop&#8221; module_class=&#8221;bild-caption&#8221; _builder_version=&#8221;4.25.2&#8243; global_colors_info=&#8221;{}&#8221;][\/et_pb_image][et_pb_text module_class=&#8221;image-title&#8221; _builder_version=&#8221;4.25.2&#8243; hover_enabled=&#8221;0&#8243; global_colors_info=&#8221;{}&#8221; sticky_enabled=&#8221;0&#8243;]<\/p>\n<p><a href=\"https:\/\/brandsonretail.com\/en\/services\">SERVICES<\/a><\/p>\n<p>[\/et_pb_text][\/et_pb_column][et_pb_column type=&#8221;1_3&#8243; _builder_version=&#8221;4.16&#8243; custom_padding=&#8221;|||&#8221; global_colors_info=&#8221;{}&#8221; custom_padding__hover=&#8221;|||&#8221;][et_pb_image src=&#8221;https:\/\/brandsonretail.com\/wp-content\/uploads\/2025\/02\/Bild_Health_akt.jpg&#8221; align_tablet=&#8221;center&#8221; align_phone=&#8221;&#8221; align_last_edited=&#8221;on|desktop&#8221; admin_label=&#8221;Bild&#8221; module_class=&#8221;bild-caption&#8221; _builder_version=&#8221;4.25.2&#8243; global_colors_info=&#8221;{}&#8221;][\/et_pb_image][et_pb_text admin_label=&#8221;Text&#8221; module_class=&#8221;image-title&#8221; _builder_version=&#8221;4.25.2&#8243; link_option_url=&#8221;\/ueber-onretail&#8221; hover_enabled=&#8221;0&#8243; global_colors_info=&#8221;{}&#8221; sticky_enabled=&#8221;0&#8243;]<\/p>\n<p><a href=\"https:\/\/brandsonretail.com\/benefits\">BENEFITS<\/a><\/p>\n<p>[\/et_pb_text][\/et_pb_column][\/et_pb_row][et_pb_row _builder_version=&#8221;4.16&#8243; global_colors_info=&#8221;{}&#8221;][et_pb_column type=&#8221;4_4&#8243; _builder_version=&#8221;4.16&#8243; custom_padding=&#8221;|||&#8221; global_colors_info=&#8221;{}&#8221; custom_padding__hover=&#8221;|||&#8221;][et_pb_text module_class=&#8221;text-border&#8221; _builder_version=&#8221;4.25.2&#8243; custom_padding=&#8221;||7px|||&#8221; global_colors_info=&#8221;{}&#8221;]<\/p>\n<div class=\"animated-text\">Welcome to ONRetail \u2013 Your partner for market entry, retail partnerships, and omnichannel positioning!<\/div>\n<h2 class=\"animated\">MarkET ENTRY STRATEGIES FOR Fashion, Beauty, Lifestyle<br \/>&amp; sustainable brands<\/h2>\n<p data-start=\"329\" data-end=\"663\">ONRetail supports brands, retailers and salons in successfully entering new markets &#8211; with tailored strategies that build visibility and strengthen collaborations between brands and brick-and-mortar retail. Our focus goes beyond efficient supply chain integration and takes a holistic approach: legal frameworks, branding, POS communication, visibility tactics, and omnichannel strategies. With many years of experience in <br \/>e-commerce, digital marketing, supply chain management and sales, we help brands build strong presence accross channels &#8211; including salons, concept stores, and independent retailers.<\/p>\n<p data-start=\"951\" data-end=\"1008\">Our motivation? Sustainable expansion through strong partnerships &#8211; both online and offline.<\/p>\n<p data-start=\"1010\" data-end=\"1071\">\ud83d\udccd ONRetail \u2013 Solutions for brands, retailers &amp; salons in the DACH region.<\/p>\n<p>[\/et_pb_text][et_pb_code _builder_version=&#8221;4.25.2&#8243; _module_preset=&#8221;default&#8221; text_orientation=&#8221;center&#8221; global_colors_info=&#8221;{}&#8221;]<a class=\"button-start\" href=\"https:\/\/calendly.com\/earagones\/30min\">Free Consult<\/a>[\/et_pb_code][et_pb_social_media_follow _builder_version=&#8221;4.25.2&#8243; _module_preset=&#8221;default&#8221; text_orientation=&#8221;center&#8221; global_colors_info=&#8221;{}&#8221;][et_pb_social_media_follow_network social_network=&#8221;linkedin&#8221; url=&#8221;https:\/\/www.linkedin.com\/in\/e-aragones\/&#8221; _builder_version=&#8221;4.25.2&#8243; _module_preset=&#8221;default&#8221; background_color=&#8221;#B3B3B3&#8243; background_enable_color=&#8221;on&#8221; global_colors_info=&#8221;{}&#8221; follow_button=&#8221;off&#8221; url_new_window=&#8221;on&#8221;]linkedin[\/et_pb_social_media_follow_network][et_pb_social_media_follow_network social_network=&#8221;instagram&#8221; url=&#8221;http:\/\/www.instagram.com\/onretailad&#8221; _builder_version=&#8221;4.25.2&#8243; _module_preset=&#8221;default&#8221; background_color=&#8221;#B3B3B3&#8243; background_enable_color=&#8221;on&#8221; global_colors_info=&#8221;{}&#8221; follow_button=&#8221;off&#8221; url_new_window=&#8221;on&#8221;]instagram[\/et_pb_social_media_follow_network][\/et_pb_social_media_follow][\/et_pb_column][\/et_pb_row][\/et_pb_section][et_pb_section fb_built=&#8221;1&#8243; _builder_version=&#8221;4.25.2&#8243; background_image=&#8221;https:\/\/brandsonretail.com\/wp-content\/uploads\/2025\/02\/Design-ohne-Titel.jpg&#8221; global_colors_info=&#8221;{}&#8221;][et_pb_row column_structure=&#8221;1_2,1_2&#8243; _builder_version=&#8221;4.16&#8243; global_colors_info=&#8221;{}&#8221;][et_pb_column type=&#8221;1_2&#8243; _builder_version=&#8221;4.16&#8243; custom_padding=&#8221;|||&#8221; global_colors_info=&#8221;{}&#8221; custom_padding__hover=&#8221;|||&#8221;][et_pb_text module_class=&#8221;kontakt-box&#8221; _builder_version=&#8221;4.16&#8243; min_height=&#8221;283px&#8221; global_colors_info=&#8221;{}&#8221;]<\/p>\n<p><strong>ONRetail <br \/>Eva Aragon\u00e9s<\/strong><br \/><strong> Hochstadenstrasse 1-3<\/strong><br \/><strong> 50674 Cologne (Germany)<\/strong><br \/><strong> T\u00a0+49 (0) 221 30200171<\/strong><br \/><strong> E\u00a0<a href=\"mailto:info@brandsonretail.com\">info@brandsonretail.com<\/a><\/strong><\/p>\n<p>[\/et_pb_text][\/et_pb_column][et_pb_column type=&#8221;1_2&#8243; _builder_version=&#8221;4.16&#8243; custom_padding=&#8221;|||&#8221; global_colors_info=&#8221;{}&#8221; custom_padding__hover=&#8221;|||&#8221;][et_pb_code _builder_version=&#8221;4.16&#8243; global_colors_info=&#8221;{}&#8221;]\n<div class=\"wpcf7 no-js\" id=\"wpcf7-f409-o1\" lang=\"de-DE\" dir=\"ltr\">\n<div class=\"screen-reader-response\"><p role=\"status\" aria-live=\"polite\" aria-atomic=\"true\"><\/p> <ul><\/ul><\/div>\n<form action=\"\/en\/wp-json\/wp\/v2\/pages\/3032#wpcf7-f409-o1\" method=\"post\" class=\"wpcf7-form init wpcf7-acceptance-as-validation\" aria-label=\"Kontaktformular\" novalidate=\"novalidate\" data-status=\"init\">\n<div style=\"display: none;\">\n<input type=\"hidden\" name=\"_wpcf7\" value=\"409\" \/>\n<input type=\"hidden\" name=\"_wpcf7_version\" value=\"5.9.6\" \/>\n<input type=\"hidden\" name=\"_wpcf7_locale\" value=\"de_DE\" \/>\n<input type=\"hidden\" name=\"_wpcf7_unit_tag\" value=\"wpcf7-f409-o1\" \/>\n<input type=\"hidden\" name=\"_wpcf7_container_post\" value=\"0\" \/>\n<input type=\"hidden\" name=\"_wpcf7_posted_data_hash\" value=\"\" \/>\n<\/div>\n<div class=\"contact-form retail-form\">\n\t<div class=\"one-half\">\n\t\t<p><span class=\"wpcf7-form-control-wrap\" data-name=\"first\"><input size=\"40\" maxlength=\"80\" class=\"wpcf7-form-control wpcf7-text wpcf7-validates-as-required\" aria-required=\"true\" aria-invalid=\"false\" placeholder=\"First name*\" value=\"\" type=\"text\" name=\"first\" \/><\/span><br \/>\n<span class=\"wpcf7-form-control-wrap\" data-name=\"family\"><input size=\"40\" maxlength=\"80\" class=\"wpcf7-form-control wpcf7-text wpcf7-validates-as-required\" aria-required=\"true\" aria-invalid=\"false\" placeholder=\"Family name*\" value=\"\" type=\"text\" name=\"family\" \/><\/span><br \/>\n<span class=\"wpcf7-form-control-wrap\" data-name=\"text-293\"><input size=\"40\" maxlength=\"80\" class=\"wpcf7-form-control wpcf7-text wpcf7-validates-as-required\" aria-required=\"true\" aria-invalid=\"false\" placeholder=\"Company*\" value=\"\" type=\"text\" name=\"text-293\" \/><\/span>\n\t\t<\/p>\n\t<\/div>\n\t<div class=\"one-half\">\n\t\t<p><span class=\"wpcf7-form-control-wrap\" data-name=\"telefon\"><input size=\"40\" maxlength=\"80\" class=\"wpcf7-form-control wpcf7-tel wpcf7-validates-as-required wpcf7-text wpcf7-validates-as-tel\" aria-required=\"true\" aria-invalid=\"false\" placeholder=\"Phone*\" value=\"\" type=\"tel\" name=\"telefon\" \/><\/span><br \/>\n<span class=\"wpcf7-form-control-wrap\" data-name=\"email\"><input size=\"40\" maxlength=\"80\" class=\"wpcf7-form-control wpcf7-email wpcf7-validates-as-required wpcf7-text wpcf7-validates-as-email\" aria-required=\"true\" aria-invalid=\"false\" placeholder=\"E-Mail*\" value=\"\" type=\"email\" name=\"email\" \/><\/span>\n\t\t<\/p>\n\t<\/div>\n\t<p><span class=\"wpcf7-form-control-wrap\" data-name=\"textarea\"><textarea cols=\"40\" rows=\"10\" maxlength=\"400\" class=\"wpcf7-form-control wpcf7-textarea\" aria-invalid=\"false\" placeholder=\"Message\" name=\"textarea\"><\/textarea><\/span><br \/>\n<span class=\"wpcf7-form-control-wrap\" data-name=\"acceptance-297\"><span class=\"wpcf7-form-control wpcf7-acceptance\"><span class=\"wpcf7-list-item\"><label><input type=\"checkbox\" name=\"acceptance-297\" value=\"1\" aria-invalid=\"false\" \/><span class=\"wpcf7-list-item-label\">I have read the <a target=\"_blank\" href=\"\/en\/privacy-policy\/\">Privacy Policy<\/a>. I agree that my information and data will be collected and stored electronically to answer my request. By using this form, you agree to the storage and processing of your data by this website.<\/span><\/label><\/span><\/span><\/span><br \/>\n<input class=\"wpcf7-form-control wpcf7-submit has-spinner\" type=\"submit\" value=\"Send\" \/><br \/>\n<span id=\"wpcf7-69d21c2517ecd-wrapper\" class=\"wpcf7-form-control-wrap tel-368-wrap\" style=\"display:none !important; visibility:hidden !important;\"><label for=\"wpcf7-69d21c2517ecd-field\" class=\"hp-message\">Bitte lasse dieses Feld leer.<\/label><input id=\"wpcf7-69d21c2517ecd-field\"  class=\"wpcf7-form-control wpcf7-text\" type=\"text\" name=\"tel-368\" value=\"\" size=\"40\" tabindex=\"-1\" autocomplete=\"new-password\" \/><\/span>\n\t<\/p>\n<\/div><div class=\"wpcf7-response-output\" aria-hidden=\"true\"><\/div>\n<\/form>\n<\/div>\n[\/et_pb_code][\/et_pb_column][\/et_pb_row][\/et_pb_section]<\/p>\n","protected":false},"excerpt":{"rendered":"<p>arkeu-KANOR ONRetail supports sustainable brands and retailers in the fashion, beauty &amp; heatlth sectors in successfully positioning themselves in the DACH region. Focus: visibility in retail, omnichannel strategies and future- oriented market collaborations.Solutions for brands &amp; retailers in fashion, beauty &amp;\u00a0 lifestyle Strategies for Visibility &amp; Growth &#8211; Local &amp;Digital. Your partner for market entry, [&hellip;]<\/p>\n","protected":false},"author":3,"featured_media":5058,"parent":0,"menu_order":0,"comment_status":"closed","ping_status":"open","template":"","meta":{"_et_pb_use_builder":"on","_et_pb_old_content":"<p>[et_pb_section fb_built=\"1\" module_class=\"startseite-video\" _builder_version=\"4.6.5\" background_video_mp4=\"https:\/\/brandsonretail.com\/wp-content\/uploads\/2021\/01\/exportVideo2021-01-12-163413.mp4\" background_video_webm=\"https:\/\/brandsonretail.com\/wp-content\/uploads\/2021\/01\/exportVideo2021-01-12-163413.mp4\" background_video_width=\"1200px\" custom_css_main_element=\" width: 99vw;|| height: 100vh;\"][et_pb_row module_class=\" et_pb_row_fullwidth\" _builder_version=\"3.25\" width=\"89%\" width_tablet=\"80%\" width_phone=\"\" width_last_edited=\"on|desktop\" max_width=\"89%\" max_width_tablet=\"80%\" max_width_phone=\"\" max_width_last_edited=\"on|desktop\" make_fullwidth=\"on\"][et_pb_column type=\"4_4\" _builder_version=\"3.25\" custom_padding=\"|||\" custom_padding__hover=\"|||\"][et_pb_text module_class=\"video-heading\" _builder_version=\"3.27.4\"]<a href=\"https:\/\/brandsonretail.com\/\">u-KANOR<img src=\"wp-content\/uploads\/2018\/02\/BrandsOnRetail-weiss.svg\" width=\"200px\" height=\"200px\" \/><\/a><\/p><h4>ONRetail<br \/>Arte Digital<\/h4><p>bietet Fashion, Kosmetik und nachhaltige Brands direkten Zugang zum On- und Offline Fachhandel in D.A.CH, CHINA, SPANIEN und SKANDINAVIEN an.<br \/>[\/et_pb_text][\/et_pb_column][\/et_pb_row][\/et_pb_section][et_pb_section fb_built=\"1\" _builder_version=\"3.22\"][et_pb_row _builder_version=\"3.25\" background_size=\"initial\" background_position=\"top_left\" background_repeat=\"repeat\"][et_pb_column type=\"4_4\" _builder_version=\"3.25\" custom_padding=\"|||\" custom_padding__hover=\"|||\"][et_pb_text module_class=\"animated\" _builder_version=\"4.8.1\"]<\/p><div class=\"animated-text\">ONline & Retail Markteintritt-Services for Fashion and sustainable Brands<\/div><h1>ONRetail Arte Digital<\/h1><p>[\/et_pb_text][\/et_pb_column][\/et_pb_row][et_pb_row column_structure=\"1_3,1_3,1_3\" _builder_version=\"3.25\" background_size=\"initial\" background_position=\"top_left\" background_repeat=\"repeat\"][et_pb_column type=\"1_3\" _builder_version=\"3.25\" custom_padding=\"|||\" custom_padding__hover=\"|||\"][et_pb_image src=\"https:\/\/brandsonretail.com\/wp-content\/uploads\/2019\/09\/Web_brands-on-retail-mission_mit_Linie.jpg\" align_tablet=\"center\" align_phone=\"\" align_last_edited=\"on|desktop\" module_class=\"bild-caption\" _builder_version=\"4.6.5\"][\/et_pb_image][et_pb_text module_class=\"image-title\" _builder_version=\"4.8.1\" link_option_url=\"\/ueber-onretail\" hover_enabled=\"0\" sticky_enabled=\"0\"]<\/p><p><a href=\"\/ueber-onretail\">\u00dcBER UNS<\/a><\/p><p>[\/et_pb_text][\/et_pb_column][et_pb_column type=\"1_3\" _builder_version=\"3.25\" custom_padding=\"|||\" custom_padding__hover=\"|||\"][et_pb_image src=\"https:\/\/brandsonretail.com\/wp-content\/uploads\/2021\/01\/Bild-all-market-services-in-2021-368x418-korr.jpg\" title_text=\"Bild-all-market-services-in-2021-368x418-korr\" align_tablet=\"center\" align_phone=\"\" align_last_edited=\"on|desktop\" module_class=\"bild-caption\" _builder_version=\"4.6.5\"][\/et_pb_image][et_pb_text module_class=\"image-title\" _builder_version=\"4.8.1\" hover_enabled=\"0\" sticky_enabled=\"0\"]<\/p><p><a href=\"\/services-marke\">SERVICES<\/a><\/p><p>[\/et_pb_text][\/et_pb_column][et_pb_column type=\"1_3\" _builder_version=\"3.25\" custom_padding=\"|||\" custom_padding__hover=\"|||\"][et_pb_image src=\"https:\/\/brandsonretail.com\/wp-content\/uploads\/2021\/01\/Web-benefits-NEU-mit-Linie-372x422-sw.jpg\" title_text=\"Web-benefits-NEU-mit-Linie-372x422-sw\" align_tablet=\"center\" align_phone=\"\" align_last_edited=\"on|desktop\" module_class=\"bild-caption\" _builder_version=\"4.6.5\"][\/et_pb_image][et_pb_text admin_label=\"Text\" module_class=\"image-title\" _builder_version=\"4.8.1\" link_option_url=\"\/ueber-onretail\" hover_enabled=\"0\" sticky_enabled=\"0\"]<\/p><p><a href=\"\/en\/home\">VORTEILE<\/a><\/p><p>[\/et_pb_text][\/et_pb_column][\/et_pb_row][et_pb_row _builder_version=\"4.6.5\"][et_pb_column type=\"4_4\" _builder_version=\"3.25\" custom_padding=\"|||\" custom_padding__hover=\"|||\"][et_pb_text module_class=\"text-border\" _builder_version=\"4.8.1\"]<\/p><div class=\"animated-text\">Herzlich Willkommen bei ONRetail!<\/div><h2 class=\"animated\">ONLINE und RETAIL\u00a0 Dienstleistungen f\u00fcr Fashion und nachhaltige Brands<\/h2><p>ONRetail ber\u00e4t und unterst\u00fctzt Unternehmen in deren Expansion in neue M\u00e4rkte. Dabei legen wir nicht nur gro\u00dfen Wert auf die Verkaufsstrategie, sondern auf entscheidende Aspekte wie die Besonderheiten des Markts und das Branding. \u201eWir haben langj\u00e4hrige Erfahrung in den Bereichen eCommerce, digitale Technologie, strategische Kommunikation, Vertrieb und verf\u00fcgen \u00fcber ein exzellentes Partnernetzwerk auf den M\u00e4rkten in unserem Angebotsportfolio. Unsere Motivation liegt ausschlie\u00dflich daran,\u00a0 einen effektiven und erfolgreichen Markteintritt Ihrer Marke zu erzielen\u201c.<br \/>[\/et_pb_text][\/et_pb_column][\/et_pb_row][\/et_pb_section][et_pb_section fb_built=\"1\" _builder_version=\"3.22\" background_image=\"https:\/\/brandsonretail.com\/wp-content\/uploads\/2018\/02\/on-retail-arte-digital-spain.png\"][et_pb_row column_structure=\"1_2,1_2\" _builder_version=\"3.25\"][et_pb_column type=\"1_2\" _builder_version=\"3.25\" custom_padding=\"|||\" custom_padding__hover=\"|||\"][et_pb_text module_class=\"kontakt-box\" _builder_version=\"4.8.1\" min_height=\"283px\"]<\/p><p><strong>ONRetail Arte Digital UG<\/strong><br \/><strong> Hochstadenstrasse 1-3<\/strong><br \/><strong> 50674 K\u00f6ln<\/strong><br \/><strong> T\u00a0+49 (0) 221 30200171<\/strong><br \/><strong> E\u00a0<a href=\"mailto:info@brandsonretail.com\">info@brandsonretail.com<\/a><\/strong><\/p><p>[\/et_pb_text][\/et_pb_column][et_pb_column type=\"1_2\" _builder_version=\"3.25\" custom_padding=\"|||\" custom_padding__hover=\"|||\"][et_pb_code _builder_version=\"4.6.5\"][contact-form-7 id=\"132\" title=\"Kontaktformular 1\"][\/et_pb_code][\/et_pb_column][\/et_pb_row][\/et_pb_section]<\/p>","_et_gb_content_width":"","inline_featured_image":false,"footnotes":""},"_links":{"self":[{"href":"https:\/\/brandsonretail.com\/en\/wp-json\/wp\/v2\/pages\/3032"}],"collection":[{"href":"https:\/\/brandsonretail.com\/en\/wp-json\/wp\/v2\/pages"}],"about":[{"href":"https:\/\/brandsonretail.com\/en\/wp-json\/wp\/v2\/types\/page"}],"author":[{"embeddable":true,"href":"https:\/\/brandsonretail.com\/en\/wp-json\/wp\/v2\/users\/3"}],"replies":[{"embeddable":true,"href":"https:\/\/brandsonretail.com\/en\/wp-json\/wp\/v2\/comments?post=3032"}],"version-history":[{"count":87,"href":"https:\/\/brandsonretail.com\/en\/wp-json\/wp\/v2\/pages\/3032\/revisions"}],"predecessor-version":[{"id":6127,"href":"https:\/\/brandsonretail.com\/en\/wp-json\/wp\/v2\/pages\/3032\/revisions\/6127"}],"wp:featuredmedia":[{"embeddable":true,"href":"https:\/\/brandsonretail.com\/en\/wp-json\/wp\/v2\/media\/5058"}],"wp:attachment":[{"href":"https:\/\/brandsonretail.com\/en\/wp-json\/wp\/v2\/media?parent=3032"}],"curies":[{"name":"wp","href":"https:\/\/api.w.org\/{rel}","templated":true}]}}