{"id":2903,"date":"2021-01-20T10:12:54","date_gmt":"2021-01-20T09:12:54","guid":{"rendered":"https:\/\/brandsonretail.com\/policy\/"},"modified":"2025-06-17T13:34:42","modified_gmt":"2025-06-17T11:34:42","slug":"site-notice","status":"publish","type":"page","link":"https:\/\/brandsonretail.com\/en\/site-notice\/","title":{"rendered":"Site notice"},"content":{"rendered":"<p>[et_pb_section fb_built=&#8221;1&#8243; _builder_version=&#8221;4.16&#8243; global_colors_info=&#8221;{}&#8221;][et_pb_row _builder_version=&#8221;4.16&#8243; background_size=&#8221;initial&#8221; background_position=&#8221;top_left&#8221; background_repeat=&#8221;repeat&#8221; global_colors_info=&#8221;{}&#8221;][et_pb_column type=&#8221;4_4&#8243; _builder_version=&#8221;4.16&#8243; custom_padding=&#8221;|||&#8221; global_colors_info=&#8221;{}&#8221; custom_padding__hover=&#8221;|||&#8221;][et_pb_text _builder_version=&#8221;4.25.2&#8243; hover_enabled=&#8221;0&#8243; global_colors_info=&#8221;{}&#8221; sticky_enabled=&#8221;0&#8243;]<\/p>\n<h1>Site Notice<\/h1>\n<p>&nbsp;<\/p>\n<p><span style=\"color: #333333; font-size: 18px;\">Information pursuant to Sect. 5 German Telemedia Act (TMG)<\/span><\/p>\n<p>ONRetail<br \/>Eva Aragon\u00e9s<br \/>Hochstadenstra\u00dfe 1-3<br \/>50674 K\u00f6ln<\/p>\n<h3>Contact<\/h3>\n<p>Phone: +4922130200171<br \/>E-mail: info@brandsonretail.com<\/p>\n<h3>VAT ID<\/h3>\n<p>A new VAT ID has been requested and is currently being processed. The information will be updated once issued.<\/p>\n<h3>Information regarding professional liability insurance<\/h3>\n<p>Name and registered office of the insurer:<br \/>Markel Insurance SE<br \/>Sophienstr. 26<br \/>80333 M\u00fcnchen<\/p>\n<p>Scope of insurance: Worldwide<\/p>\n<p>Insurance number: 52571159<\/p>\n<h3>Person responsible for editorial<\/h3>\n<p>Eva E. Aragones<\/p>\n<h3>EU dispute resolution<\/h3>\n<p>The European Commission provides a platform for online dispute resolution (ODR): <a href=\"https:\/\/ec.europa.eu\/consumers\/odr\" target=\"_blank\" rel=\"noopener noreferrer\">https:\/\/ec.europa.eu\/consumers\/odr<\/a>.<br \/>Our e-mail address can be found above in the site notice.<\/p>\n<h3>Dispute resolution proceedings in front of a consumer arbitration board<\/h3>\n<p>We are not willing or obliged to participate in dispute resolution proceedings in front of a consumer arbitration board.<\/p>\n<h3>Liability for Contents<\/h3>\n<p>As service providers, we are liable for own contents of these websites according to Paragraph 7, Sect. 1 German Telemedia Act (TMG). However, according to Paragraphs 8 to 10 German Telemedia Act (TMG), service providers are not obligated to permanently monitor submitted or stored information or to search for evidences that indicate illegal activities.<\/p>\n<p>Legal obligations to removing information or to blocking the use of information remain unchallenged. In this case, liability is only possible at the time of knowledge about a specific violation of law. Illegal contents will be removed immediately at the time we get knowledge of them.<\/p>\n<h3>Liability for Links<\/h3>\n<p>Our offer includes links to external third-party websites. We have no influence on the contents of those websites, therefore we cannot guarantee for those contents. Providers or administrators of linked websites are always responsible for their own contents.<\/p>\n<p>The linked websites had been checked for possible violations of law at the time of the establishment of the link. Illegal contents were not detected at the time of the linking. A permanent monitoring of the contents of linked websites cannot be imposed without reasonable indications that there has been a violation of law. Illegal links will be removed immediately at the time we get knowledge of them.<\/p>\n<h3>Copyright<\/h3>\n<p>Contents and compilations published on these websites by the providers are subject to German copyright laws. Reproduction, editing, distribution as well as the use of any kind outside the scope of the copyright law require a written permission of the author or originator. Downloads and copies of these websites are permitted for private use only.<br \/>The commercial use of our contents without permission of the originator is prohibited.<\/p>\n<p>Copyright laws of third parties are respected as long as the contents on these websites do not originate from the provider. Contributions of third parties on this site are indicated as such. However, if you notice any violations of copyright law, please inform us. Such contents will be removed immediately.<\/p>\n<p>ONRetail Eva Aragon\u00e9s is member of <a href=\"https:\/\/www.vgu-koeln.de\/\">VGU<\/a> (Verein gegen Unwesen in Handel &amp; Gewerbe K\u00f6ln e.V.).<\/p>\n<h3>Affiliate Transparency<\/h3>\n<p>Some links provided on this website are affiliate links. If you purchase products or services through these links, we may receive a small commission. This comes at <strong>no extra cost<\/strong> to you.<\/p>\n<p>Most of these affiliate links can be found on our social media profiles, especially via our Linktree pages:<br \/>\ud83d\udd17 <a href=\"https:\/\/linktr.ee\/onretailad\" target=\"_blank\" rel=\"noopener\">linktr.ee\/onretailad<\/a><br \/>\ud83d\udd17 <a href=\"https:\/\/linktr.ee\/yukos_toppicks\" target=\"_blank\" rel=\"noopener\">linktr.ee\/yukos_toppicks<\/a><\/p>\n<p>[\/et_pb_text][\/et_pb_column][\/et_pb_row][\/et_pb_section]<\/p>\n","protected":false},"excerpt":{"rendered":"<p>Site Notice &nbsp; Information pursuant to Sect. 5 German Telemedia Act (TMG) ONRetailEva Aragon\u00e9sHochstadenstra\u00dfe 1-350674 K\u00f6ln Contact Phone: +4922130200171E-mail: info@brandsonretail.com VAT ID A new VAT ID has been requested and is currently being processed. The information will be updated once issued. Information regarding professional liability insurance Name and registered office of the insurer:Markel Insurance SESophienstr. [&hellip;]<\/p>\n","protected":false},"author":3,"featured_media":3287,"parent":0,"menu_order":0,"comment_status":"closed","ping_status":"closed","template":"","meta":{"_et_pb_use_builder":"on","_et_pb_old_content":"","_et_gb_content_width":"","inline_featured_image":false,"footnotes":""},"_links":{"self":[{"href":"https:\/\/brandsonretail.com\/en\/wp-json\/wp\/v2\/pages\/2903"}],"collection":[{"href":"https:\/\/brandsonretail.com\/en\/wp-json\/wp\/v2\/pages"}],"about":[{"href":"https:\/\/brandsonretail.com\/en\/wp-json\/wp\/v2\/types\/page"}],"author":[{"embeddable":true,"href":"https:\/\/brandsonretail.com\/en\/wp-json\/wp\/v2\/users\/3"}],"replies":[{"embeddable":true,"href":"https:\/\/brandsonretail.com\/en\/wp-json\/wp\/v2\/comments?post=2903"}],"version-history":[{"count":31,"href":"https:\/\/brandsonretail.com\/en\/wp-json\/wp\/v2\/pages\/2903\/revisions"}],"predecessor-version":[{"id":6157,"href":"https:\/\/brandsonretail.com\/en\/wp-json\/wp\/v2\/pages\/2903\/revisions\/6157"}],"wp:featuredmedia":[{"embeddable":true,"href":"https:\/\/brandsonretail.com\/en\/wp-json\/wp\/v2\/media\/3287"}],"wp:attachment":[{"href":"https:\/\/brandsonretail.com\/en\/wp-json\/wp\/v2\/media?parent=2903"}],"curies":[{"name":"wp","href":"https:\/\/api.w.org\/{rel}","templated":true}]}}